{"id":294,"date":"2021-01-07T16:15:30","date_gmt":"2021-01-07T16:15:30","guid":{"rendered":"https:\/\/ara-panouri-sandwich.ro\/?page_id=294"},"modified":"2022-03-25T22:52:09","modified_gmt":"2022-03-25T22:52:09","slug":"termene-si-conditii","status":"publish","type":"page","link":"https:\/\/ara-panouri-sandwich.ro\/en\/termene-si-conditii\/","title":{"rendered":"Terms and conditions"},"content":{"rendered":"<p>Prin utilizarea \u015fi vizitarea site-ului ara-panouri-sandwich.ro (\u201eSite\u201d) autorii \u015fi utilizatorii sunt de acord cu termenele \u015fi condi\u0163iile aplicabile. Dac\u0103 nu sunte\u0163i de acord cu acestea, v\u0103 rug\u0103m s\u0103 nu utiliza\u0163i \u015fi s\u0103 nu vizita\u0163i Site-ul.<\/p>\n\n\n\n<p>Administratorii Site-ului au dreptul de a modifica \u00een orice moment termenele \u015fi condi\u0163iile aplicabile, f\u0103r\u0103 a fi necesar\u0103 notificarea prealabil\u0103 a autorilor \u015fi \/ sau utilizatorilor. Dupa publicarea pe Site a termenelor \u015fi condi\u0163iilor modificate, acestea devin automat aplicabile. Prin urmare, v\u0103 suger\u0103m s\u0103 revede\u0163i periodic prezenta sec\u0163iune<\/p>\n\n\n\n<p>Utilizatorii sunt unicii responsabili pentru con\u0163inutul ridicat (filme, fotografii, texte etc.), pentru comentariile postate pe site-ul ara-panouri-sandwich.ro \u015fi pentru consecin\u0163ele post\u0103rilor lor, inclusiv pentru respectarea cerintelor privind protectia datelor cu caracter personal. Administratorii Site-ului nu au nici un fel de responsabilitate pentru con\u0163inutul \u015fi comentariile postate de utilizatori.<\/p>\n\n\n\n<p>Postarea comentariilor implic\u0103 garan\u0163ia din partea comentatorilor c\u0103 sunt titularii tuturor drepturilor de autor asupra con\u0163inutului, precum \u015fi \/ sau c\u0103 au ob\u0163inut consim\u0163\u0103m\u00e2ntul necesar post\u0103rii acestora pe Site de la titularii drepturilor. \u00cen plus, prin ridicarea con\u0163inutului \u015fi postarea comentariilor pe Site fiecare dintre utilizatorii Site-ului \u00eentelege \u015fi accept\u0103 c\u0103 este singurul responsabil \u015fi va desp\u0103gubi Site-ul, administratorii acestuia sau ter\u0163ii pentru orice prejudiciu ce decurge din ac\u0163iunile sale.<\/p>\n\n\n\n<p>Administratorii Site-ului vor \u00eenl\u0103tura orice con\u0163inut sau comentariu cu privire la care au fost notifica\u0163i c\u0103 \u00eencalc\u0103 drepturilor de proprietate intelectual\u0103 ale ter\u0163ilor. Administratorii Site-ului \u00ee\u015fi rezerv\u0103 dreptul de a \u00eenl\u0103tura orice con\u0163inut sau comentariu f\u0103r\u0103 o notificare prealabil\u0103 a autorului.<\/p>\n\n\n\n<p>Autorii \u015fi utilizatorii acord\u0103 Site-ului \u015fi administratorilor acestuia dreptul de a publica \u015fi utiliza \u00een orice mod con\u0163inutul ridicat \u015fi comentariile postate, inclusiv, dar f\u0103r\u0103 a se limita la scopuri de promovare. De asemenea, autorii \u015fi utilizatorii \u00een\u0163eleg \u015fi accept\u0103 faptul c\u0103 administratorii Site-ului au dreptul de a p\u0103stra pe servere proprii o copie a clipurilor chiar dup\u0103 ce acestea au fost \u00eendep\u0103rtate sau \u015fterse de c\u0103tre autori.<\/p>","protected":false},"excerpt":{"rendered":"<p>Prin utilizarea \u015fi vizitarea site-ului ara-panouri-sandwich.ro (\u201eSite\u201d) autorii \u015fi utilizatorii sunt de acord cu termenele \u015fi condi\u0163iile aplicabile. Dac\u0103 nu sunte\u0163i de acord cu acestea, v\u0103 rug\u0103m s\u0103 nu utiliza\u0163i \u015fi s\u0103 nu vizita\u0163i Site-ul. Administratorii Site-ului au dreptul de a modifica \u00een orice moment termenele \u015fi condi\u0163iile aplicabile, f\u0103r\u0103 a fi necesar\u0103 notificarea prealabil\u0103 &hellip;<\/p>\n<p class=\"read-more\"> <a class=\"\" href=\"https:\/\/ara-panouri-sandwich.ro\/en\/termene-si-conditii\/\"> <span class=\"screen-reader-text\">Terms and conditions<\/span> Read More &raquo;<\/a><\/p>","protected":false},"author":1,"featured_media":0,"parent":0,"menu_order":0,"comment_status":"closed","ping_status":"closed","template":"","meta":{"site-sidebar-layout":"default","site-content-layout":"default","ast-global-header-display":"","ast-main-header-display":"","ast-hfb-above-header-display":"","ast-hfb-below-header-display":"","ast-hfb-mobile-header-display":"","site-post-title":"","ast-breadcrumbs-content":"","ast-featured-img":"","footer-sml-layout":"","theme-transparent-header-meta":"default","adv-header-id-meta":"","stick-header-meta":"","header-above-stick-meta":"","header-main-stick-meta":"","header-below-stick-meta":"","footnotes":""},"class_list":["post-294","page","type-page","status-publish","hentry"],"jetpack_sharing_enabled":true,"_links":{"self":[{"href":"https:\/\/ara-panouri-sandwich.ro\/en\/wp-json\/wp\/v2\/pages\/294","targetHints":{"allow":["GET"]}}],"collection":[{"href":"https:\/\/ara-panouri-sandwich.ro\/en\/wp-json\/wp\/v2\/pages"}],"about":[{"href":"https:\/\/ara-panouri-sandwich.ro\/en\/wp-json\/wp\/v2\/types\/page"}],"author":[{"embeddable":true,"href":"https:\/\/ara-panouri-sandwich.ro\/en\/wp-json\/wp\/v2\/users\/1"}],"replies":[{"embeddable":true,"href":"https:\/\/ara-panouri-sandwich.ro\/en\/wp-json\/wp\/v2\/comments?post=294"}],"version-history":[{"count":2,"href":"https:\/\/ara-panouri-sandwich.ro\/en\/wp-json\/wp\/v2\/pages\/294\/revisions"}],"predecessor-version":[{"id":736,"href":"https:\/\/ara-panouri-sandwich.ro\/en\/wp-json\/wp\/v2\/pages\/294\/revisions\/736"}],"wp:attachment":[{"href":"https:\/\/ara-panouri-sandwich.ro\/en\/wp-json\/wp\/v2\/media?parent=294"}],"curies":[{"name":"wp","href":"https:\/\/api.w.org\/{rel}","templated":true}]}}