{"id":289,"date":"2021-01-07T16:12:24","date_gmt":"2021-01-07T16:12:24","guid":{"rendered":"https:\/\/ara-panouri-sandwich.ro\/?page_id=289"},"modified":"2021-01-07T16:12:26","modified_gmt":"2021-01-07T16:12:26","slug":"politica-privind-fisierele-cookies","status":"publish","type":"page","link":"https:\/\/ara-panouri-sandwich.ro\/en\/politica-privind-fisierele-cookies\/","title":{"rendered":"Cookies Policy"},"content":{"rendered":"<h3 class=\"wp-block-heading\">1. Introducere<\/h3>\n\n\n\n<p>Prezenta Politic\u0103 privind fi\u0219ierele cookies se aplic\u0103 tuturor utilizatorilor paginii de internet ara-panouri-sandwich.ro. Informa\u021biile prezentate \u00een continuare au ca scop informarea utilizatorilor acestei pagini de internet cu privire la plasarea, utilizarea \u0219i administrarea cookie-urilor de c\u0103tre\u00a0detinatorul site-ului \u00een contextul navig\u0103rii utilizatorilor pe aceast\u0103 pagin\u0103 de internet.<\/p>\n\n\n\n<h3 class=\"wp-block-heading\">2. Ce sunt cookie-urile?<\/h3>\n\n\n\n<p>Folosim termenul \u201ecookie\u201d-uri pentru a ne referi la modulele cookie \u0219i la tehnologiile similare prin intermediul c\u0103rora pot fi colectate informa\u021bii \u00een mod automat.<br>Un \u201eInternet Cookie\u201d (termen cunoscut \u0219i sub denumirea de \u201ebrowser cookie\u201d sau \u201eHTTP cookie\u201d ori \u201ecookie\u201d) reprezint\u0103 un fi\u0219ier de mici dimensiuni, format din litere \u0219i numere, care va fi stocat pe computerul, terminalul mobil sau pe alte echipamente ale unui utilizator prin intermediul c\u0103rora se acceseaz\u0103 internetul.<br>Cookie-urile sunt instalate prin solicitarea emis\u0103 de un web-server c\u0103tre un browser (de ex.: Internet Explorer, Firefox, Chrome). Cookie-urile odat\u0103 instalate au o durat\u0103 de existen\u021b\u0103 determinat\u0103, r\u0103m\u00e2n\u00e2nd \u201epasive\u201d, \u00een sensul c\u0103 nu con\u021bin programe software, viru\u0219i sau spyware \u0219i nu vor accesa informa\u021biile de pe hard driverul utilizatorului pe al c\u0103rui echipament au fost instalate.<br>Un cookie este format din dou\u0103 p\u0103r\u021bi:<br>numele cookie-ului; \u0219i<br>con\u021binutul sau valoarea cookie-ului.<br>Din punct de vedere tehnic, doar web-serverul care a trimis cookie-ul \u00eel poate accesa din nou \u00een momentul \u00een care un utilizator se \u00eentoarce pe pagina de internet asociat\u0103 web-serverului respectiv.<\/p>\n\n\n\n<h3 class=\"wp-block-heading\">3. Pentru ce scopuri sunt utilizate cookie-urile prin intermediul acestei pagini de internet:<\/h3>\n\n\n\n<p>Cookie-urile sunt utilizate pentru a furniza utilizatorilor acestei pagini de internet o experien\u021b\u0103 mai bun\u0103 de navigare \u0219i servicii adaptate nevoilor \u0219i interesului fiec\u0103rui utilizator \u00een parte \u0219i anume pentru:<\/p>\n\n\n\n<ul class=\"wp-block-list\"><li>\u00eembun\u0103t\u0103\u021birea utiliz\u0103rii acestei pagini de internet, inclusiv prin identificarea oric\u0103ror erori care apar \u00een timpul vizit\u0103rii\/utiliz\u0103rii acesteia de c\u0103tre utilizatori;<\/li><li>furnizarea de statistici anonime cu privire la modul \u00een care este utilizat\u0103 aceast\u0103 pagin\u0103 de internet c\u0103tre&nbsp;detinatorul site-ului, \u00een calitate de de\u021bin\u0103tor al acestei pagini de internet;<\/li><li>anticiparea unor eventuale bunuri care vor fi \u00een viitor puse la dispozi\u021bia utilizatorilor prin intermediul acestei pagini de internet, \u00een func\u021bie de serviciile \/ produsele accesate.<\/li><\/ul>\n\n\n\n<p>Pe baza feedback-ului transmis prin cookie-uri \u00een leg\u0103tur\u0103 cu modul \u00een care se utilizeaz\u0103 aceast\u0103 pagin\u0103 de internet,&nbsp;detinatorul site-ului poate adopta m\u0103suri pentru ca aceast\u0103 pagin\u0103 de internet s\u0103 fie mai eficient\u0103 \u0219i mai accesibil\u0103 pentru utilizatori.<br>Astfel, utilizarea cookie-urilor permite memorarea anumitor set\u0103ri\/preferin\u021be stabilite de c\u0103tre utilizatorii acestei pagini de internet, precum:<\/p>\n\n\n\n<ul class=\"wp-block-list\"><li>limba \u00een care este vizualizat\u0103 o pagin\u0103 de internet;<\/li><li>postarea comentariilor pe site.<\/li><\/ul>\n\n\n\n<h3 class=\"wp-block-heading\">4. Care este durata de via\u021b\u0103 a cookie-urilor?<\/h3>\n\n\n\n<p>Durata de via\u021b\u0103 a cookie-urilor poate varia semnificativ, depinz\u00e2nd de scopul pentru care este plasat. Exist\u0103 urm\u0103toarele categorii de cookie-uri care determin\u0103 \u0219i durata de via\u021b\u0103 a acestora:<\/p>\n\n\n\n<ul class=\"wp-block-list\"><li><strong>Cookie-uri de sesiune<\/strong>&nbsp;\u2013 Un \u201ecookie de sesiune\u201d este un cookie care este \u0219ters automat c\u00e2nd utilizatorul \u00ee\u0219i \u00eenchide browserul.<\/li><li><strong>Cookie-uri persistente sau fixe<\/strong>&nbsp;\u2013 Un \u201ecookie persistent\u201d sau \u201efix\u201d este un cookie care r\u0103m\u00e2ne stocat \u00een terminalul utilizatorului p\u00e2n\u0103 c\u00e2nd atinge o anumit\u0103 dat\u0103 de expirare (care poate fi \u00een c\u00e2teva minute, zile sau c\u00e2\u021biva ani \u00een viitor) sau p\u00e2n\u0103 la \u0219tegerea acestuia de c\u0103tre utilizator \u00een orice moment prin intermediul set\u0103rilor browserului.<\/li><\/ul>\n\n\n\n<h3 class=\"wp-block-heading\">5. Ce sunt cookie-urile plasate de ter\u021bi?<\/h3>\n\n\n\n<p>Anumite sec\u021biuni de con\u021binut de pe pagina de internet pot fi furnizate prin intermediul unor ter\u021bi, adic\u0103 nu de c\u0103tre de\u021bin\u0103torul website-ului, caz \u00een care aceste cookie-uri sunt denumite cookie-uri plasate de ter\u021bi (\u201ethird party cookie-uri\u201d).<br>Ter\u021bii furnizori ai cookie-urilor trebuie s\u0103 respecte, de asemenea, regulile \u00een materie de protec\u021bie a datelor \u0219i Politica de Confiden\u021bialitate disponibil\u0103 pe aceast\u0103 pagin\u0103 de internet.<br>Aceste cookie-uri pot proveni de la urmatorii ter\u021bi: Google Analytics, Facebook.<\/p>\n\n\n\n<h3 class=\"wp-block-heading\">6. Ce cookie-uri sunt folosite prin intermediul acestei pagini de internet:<\/h3>\n\n\n\n<p>Prin utilizarea\/vizitarea paginii de internet pot fi plasate urm\u0103toarele cookie-uri:<\/p>\n\n\n\n<p>a. Cookie-uri de performan\u021b\u0103 a paginii de internet;<br>b. Cookie-uri de analiz\u0103 a utilizatorilor;<br>c. Cookie-uri pentru geotargetting;<br>d. Cookie-uri de \u00eenregistrare;<br>e. Cookie-uri pentru publicitate;<br>f. Cookie-uri ale furnizorilor de publicitate;<\/p>\n\n\n\n<h4 class=\"wp-block-heading\">a. Cookie-uri de performan\u021b\u0103<\/h4>\n\n\n\n<p>Prin acest tip de cookie-uri sunt memorate preferin\u021bele utilizatorului acestei pagini de internet, astfel \u00eenc\u00e2t setarea din nou a preferin\u021belor \u00een cazul vizit\u0103rii ulterioare a paginii de internet nu mai este necesar\u0103.<\/p>\n\n\n\n<h4 class=\"wp-block-heading\">b. Cookie-uri de analiz\u0103 a utilizatorilor<\/h4>\n\n\n\n<p>Aceste cookie-uri ne informeaz\u0103 dac\u0103 un anumit utilizator al paginii de internet a mai vizitat\/utilizat aceast\u0103 pagin\u0103 de internet anterior. Aceste cookie-uri sunt utilizate doar \u00een scopuri statistice.<\/p>\n\n\n\n<h4 class=\"wp-block-heading\">c. Cookie-uri pentru geotargetting<\/h4>\n\n\n\n<p>Aceste cookie-uri sunt utilizate de c\u0103tre un soft care stabile\u0219te \u021bara de provenien\u021b\u0103 a utilizatorului paginii de internet. Vor fi primite acelea\u0219i reclame indiferent de limba selectat\u0103.<\/p>\n\n\n\n<h4 class=\"wp-block-heading\">d. Cookie-uri pentru \u00eenregistrare<\/h4>\n\n\n\n<p>Atunci c\u00e2nd v\u0103 \u00eenregistra\u021bi pe acest site, se genereaz\u0103 cookie-uri care memoreaz\u0103 acest demers. Serverele utilizeaz\u0103 aceste cookie-uri pentru a ne ar\u0103ta contul cu care sunte\u021bi \u00eenregistrat. De asemenea, utilizarea acestor cookie-uri permite s\u0103 asociem orice comentariu postat pe pagina de internet cu username-ul contului folosit. \u00cen cazul \u00een care nu a fost selectat\u0103 op\u021biunea \u201ep\u0103streaz\u0103-m\u0103 \u00eenregistrat\u201d, aceste cookie-uri se vor \u0219terge automat la momentul termin\u0103rii sesiunii de navigare.<\/p>\n\n\n\n<h4 class=\"wp-block-heading\">e. Cookie-uri pentru publicitate<\/h4>\n\n\n\n<p>Aceste cookie-uri permit aflarea vizualiz\u0103rii de c\u0103tre un utilizator a unei reclame online, tipul acesteia \u0219i timpul scurs de la momentul vizualiz\u0103rii respectviului mesaj publicitar. Ca atare, astfel de cookie-uri sunt folosite pentru targetarea publicit\u0103\u021bii online. Aceste cookie-uri sunt anonime, stoc\u00e2nd informa\u021bii despre contentul vizualizat, nu \u0219i despre utilizatori.<\/p>\n\n\n\n<h3 class=\"wp-block-heading\">7. Ce tip de informa\u021bii sunt stocate \u0219i accesate prin intermediul cookie-urilor?<\/h3>\n\n\n\n<p>Cookie-urile p\u0103streaz\u0103 informa\u021bii \u00eentr-un fi\u0219ier text de mici dimensiuni care permit recunoa\u0219terea browserului. Aceast\u0103 pagin\u0103 de internet recunoa\u0219te browserul p\u00e2n\u0103 c\u00e2nd cookie-urile expir\u0103 sau sunt \u0219terse.<\/p>\n\n\n\n<h3 class=\"wp-block-heading\">8. Particularizarea set\u0103rile browserului \u00een ceea ce prive\u0219te cookie-urile<\/h3>\n\n\n\n<p>\u00cen cazul \u00een care utilizarea cookie-urilor nu este deranjant\u0103 iar calculatorul sau echipamentul tehnic utilizat pentru navigarea pe aceast\u0103 pagin\u0103 de internet este folosit doar de c\u0103tre dumneavoastr\u0103, pot fi setate termene lungi de expirare pentru stocrarea istoricului de navigare.<br>\u00cen cazul \u00een care calculatorul sau echipamentul tehnic utilizat pentru navigarea pe aceast\u0103 pagin\u0103 de internet este folosit de mai multe persoane, poate fi luat\u0103 \u00een considerare setarea pentru \u0219tergerea datelor individuale de navigare de fiecare dat\u0103 c\u00e2nd browserul este \u00eenchis.<\/p>\n\n\n\n<h3 class=\"wp-block-heading\">9. Cum pot fi oprite cookie-urile?<\/h3>\n\n\n\n<p>Dezactivarea \u0219i refuzul de a primi cookie-uri pot face aceast\u0103 pagin\u0103 de internet dificil de vizitat, atr\u0103g\u00e2nd dup\u0103 sine limit\u0103ri ale posibilit\u0103\u021bilor de utilizare ale acesteia.<br>Utilizatorii \u00ee\u0219i pot configura browserul s\u0103 resping\u0103 fi\u0219ierele cookie sau s\u0103 fie acceptate cookie-uri de la o pagin\u0103 de internet anume.<br>Toate browserele moderne ofer\u0103 posibilitatea de a schimba set\u0103rile cookie-urilor. Aceste set\u0103ri pot fi accesate, ca regul\u0103, \u00een sec\u021biunea \u201eop\u021biuni\u201d sau \u00een meniul de \u201epreferin\u021be\u201d al browserului t\u0103u.<br>Totu\u0219i, refuzarea sau dezactivarea cookie-urilor nu \u00eenseamn\u0103 c\u0103 nu ve\u021bi mai primi publicitate online \u2013 ci doar ca aceasta nu va fi adaptat\u0103 preferin\u021belor \u0219i interesele dumneavoastr\u0103, eviden\u021biate prin comportamentul de navigare.<\/p>\n\n\n\n<p>Pentru a \u00een\u021belege aceste set\u0103ri, urm\u0103toarele linkuri pot fi folositoare:<\/p>\n\n\n\n<ul class=\"wp-block-list\"><li><a href=\"https:\/\/support.microsoft.com\/en-us\/help\/17442\/windows-internet-explorer-delete-manage-cookies\" target=\"_blank\" rel=\"noreferrer noopener\">Cookie settings in Internet Explorer<\/a><\/li><li><a href=\"https:\/\/support.mozilla.org\/en-US\/kb\/enable-and-disable-cookies-website-preferences\" target=\"_blank\" rel=\"noreferrer noopener\">Cookie settings in Firefox<\/a><\/li><li><a href=\"https:\/\/support.google.com\/chrome\/answer\/95647\" target=\"_blank\" rel=\"noreferrer noopener\">Cookie settings in Chrome<\/a><\/li><li><a href=\"https:\/\/support.apple.com\/kb\/ph21411\" target=\"_blank\" rel=\"noreferrer noopener\">Cookie settings in Safari<\/a><\/li><\/ul>\n\n\n\n<p>Pentru orice \u00eentreb\u0103ri suplimentare cu privire la modul \u00een sunt utilizate cookie-urile prin intermediul acestei pagini de internet, v\u0103 rug\u0103m s\u0103 v\u0103 adresa\u021bi la: contact@ara-panouri-sandwich.ro<\/p>","protected":false},"excerpt":{"rendered":"<p>1. Introducere Prezenta Politic\u0103 privind fi\u0219ierele cookies se aplic\u0103 tuturor utilizatorilor paginii de internet ara-panouri-sandwich.ro. Informa\u021biile prezentate \u00een continuare au ca scop informarea utilizatorilor acestei pagini de internet cu privire la plasarea, utilizarea \u0219i administrarea cookie-urilor de c\u0103tre\u00a0detinatorul site-ului \u00een contextul navig\u0103rii utilizatorilor pe aceast\u0103 pagin\u0103 de internet. 2. Ce sunt cookie-urile? Folosim termenul \u201ecookie\u201d-uri &hellip;<\/p>\n<p class=\"read-more\"> <a class=\"\" href=\"https:\/\/ara-panouri-sandwich.ro\/en\/politica-privind-fisierele-cookies\/\"> <span class=\"screen-reader-text\">Cookies Policy<\/span> Read More &raquo;<\/a><\/p>","protected":false},"author":1,"featured_media":0,"parent":0,"menu_order":0,"comment_status":"closed","ping_status":"closed","template":"","meta":{"site-sidebar-layout":"default","site-content-layout":"default","ast-global-header-display":"","ast-main-header-display":"","ast-hfb-above-header-display":"","ast-hfb-below-header-display":"","ast-hfb-mobile-header-display":"","site-post-title":"","ast-breadcrumbs-content":"","ast-featured-img":"","footer-sml-layout":"","theme-transparent-header-meta":"default","adv-header-id-meta":"","stick-header-meta":"","header-above-stick-meta":"","header-main-stick-meta":"","header-below-stick-meta":"","footnotes":""},"class_list":["post-289","page","type-page","status-publish","hentry"],"jetpack_sharing_enabled":true,"_links":{"self":[{"href":"https:\/\/ara-panouri-sandwich.ro\/en\/wp-json\/wp\/v2\/pages\/289","targetHints":{"allow":["GET"]}}],"collection":[{"href":"https:\/\/ara-panouri-sandwich.ro\/en\/wp-json\/wp\/v2\/pages"}],"about":[{"href":"https:\/\/ara-panouri-sandwich.ro\/en\/wp-json\/wp\/v2\/types\/page"}],"author":[{"embeddable":true,"href":"https:\/\/ara-panouri-sandwich.ro\/en\/wp-json\/wp\/v2\/users\/1"}],"replies":[{"embeddable":true,"href":"https:\/\/ara-panouri-sandwich.ro\/en\/wp-json\/wp\/v2\/comments?post=289"}],"version-history":[{"count":1,"href":"https:\/\/ara-panouri-sandwich.ro\/en\/wp-json\/wp\/v2\/pages\/289\/revisions"}],"predecessor-version":[{"id":290,"href":"https:\/\/ara-panouri-sandwich.ro\/en\/wp-json\/wp\/v2\/pages\/289\/revisions\/290"}],"wp:attachment":[{"href":"https:\/\/ara-panouri-sandwich.ro\/en\/wp-json\/wp\/v2\/media?parent=289"}],"curies":[{"name":"wp","href":"https:\/\/api.w.org\/{rel}","templated":true}]}}