{"id":242,"date":"2020-09-09T09:56:54","date_gmt":"2020-09-09T09:56:54","guid":{"rendered":"https:\/\/ara-panouri-sandwich.ro\/services\/"},"modified":"2021-07-12T10:04:43","modified_gmt":"2021-07-12T10:04:43","slug":"panouri-sandwich-pereti","status":"publish","type":"page","link":"https:\/\/ara-panouri-sandwich.ro\/en\/panouri-sandwich-pereti\/","title":{"rendered":"Panouri sandwich pereti"},"content":{"rendered":"<div class=\"wp-block-cover alignfull has-background-dim-80 has-background-dim has-parallax\" style=\"background-image:url(https:\/\/ara-panouri-sandwich.ro\/wp-content\/uploads\/2021\/01\/PIR-Sandwich-Panel-Building-Sino-Metal-Roof-1024x576-1.jpg);background-color:#1f273a;min-height:500px;aspect-ratio:unset;\"><div class=\"wp-block-cover__inner-container is-layout-flow wp-block-cover-is-layout-flow\">\n<div style=\"height:150px\" aria-hidden=\"true\" class=\"wp-block-spacer\"><\/div>\n\n\n\n<p><\/p>\n\n\n\n<div class=\"wp-block-columns alignwide are-vertically-aligned-bottom is-layout-flex wp-container-core-columns-is-layout-28f84493 wp-block-columns-is-layout-flex\">\n<div class=\"wp-block-column is-vertically-aligned-bottom is-layout-flow wp-block-column-is-layout-flow\" style=\"flex-basis:66.66%\">\n<h1 class=\"has-white-color has-text-color wp-block-heading\">Wall and Roof Sandwich Panels<\/h1>\n<\/div>\n\n\n\n<div class=\"wp-block-column is-vertically-aligned-bottom is-layout-flow wp-block-column-is-layout-flow\" style=\"flex-basis:33.33%\">\n<div class=\"wp-block-group alignfull has-background is-layout-flow wp-block-group-is-layout-flow\" style=\"background-color:#71979c\"><div class=\"wp-block-group__inner-container\">\n<h4 class=\"has-white-color has-text-color wp-block-heading\">Request a quote now!<\/h4>\n\n\n\n<h3 class=\"wp-block-heading\"><img data-recalc-dims=\"1\" loading=\"lazy\" decoding=\"async\" width=\"35\" height=\"35\" class=\"wp-image-517\" style=\"width: 35px;\" src=\"https:\/\/i0.wp.com\/ara-panouri-sandwich.ro\/wp-content\/uploads\/2021\/01\/computer-icons-mobile-phones-clip-art-telephone-call-phone-number-icon-a822ada9d7aa8a576b7eab5baef2c0e6.png?resize=35%2C35&#038;ssl=1\" alt=\"panouri sandwich telefon\" title=\"\" srcset=\"https:\/\/i0.wp.com\/ara-panouri-sandwich.ro\/wp-content\/uploads\/2021\/01\/computer-icons-mobile-phones-clip-art-telephone-call-phone-number-icon-a822ada9d7aa8a576b7eab5baef2c0e6.png?w=512&amp;ssl=1 512w, https:\/\/i0.wp.com\/ara-panouri-sandwich.ro\/wp-content\/uploads\/2021\/01\/computer-icons-mobile-phones-clip-art-telephone-call-phone-number-icon-a822ada9d7aa8a576b7eab5baef2c0e6.png?resize=300%2C300&amp;ssl=1 300w, https:\/\/i0.wp.com\/ara-panouri-sandwich.ro\/wp-content\/uploads\/2021\/01\/computer-icons-mobile-phones-clip-art-telephone-call-phone-number-icon-a822ada9d7aa8a576b7eab5baef2c0e6.png?resize=150%2C150&amp;ssl=1 150w\" sizes=\"auto, (max-width: 35px) 100vw, 35px\" \/>  <a href=\"tel:+40763741011\" class=\"rank-math-link\">(+40) 763 741 011<\/a><\/h3>\n<\/div><\/div>\n<\/div>\n<\/div>\n<\/div><\/div>\n\n\n\n<div style=\"height:23px\" aria-hidden=\"true\" class=\"wp-block-spacer\"><\/div>\n\n\n\n<div class=\"wp-block-media-text has-media-on-the-right is-stacked-on-mobile is-vertically-aligned-center is-image-fill has-white-background-color has-background\" style=\"grid-template-columns:auto 32%\"><figure class=\"wp-block-media-text__media\" style=\"background-image:url(https:\/\/ara-panouri-sandwich.ro\/wp-content\/uploads\/2021\/01\/ara-pano-panouri-sandwich-1.jpg);background-position:44% 83%\"><img data-recalc-dims=\"1\" loading=\"lazy\" decoding=\"async\" width=\"646\" height=\"731\" src=\"https:\/\/i0.wp.com\/ara-panouri-sandwich.ro\/wp-content\/uploads\/2021\/01\/ara-pano-panouri-sandwich-1.jpg?resize=646%2C731&#038;ssl=1\" alt=\"\" class=\"wp-image-530 size-full\" title=\"\" srcset=\"https:\/\/i0.wp.com\/ara-panouri-sandwich.ro\/wp-content\/uploads\/2021\/01\/ara-pano-panouri-sandwich-1.jpg?w=646&amp;ssl=1 646w, https:\/\/i0.wp.com\/ara-panouri-sandwich.ro\/wp-content\/uploads\/2021\/01\/ara-pano-panouri-sandwich-1.jpg?resize=265%2C300&amp;ssl=1 265w\" sizes=\"auto, (max-width: 646px) 100vw, 646px\" \/><\/figure><div class=\"wp-block-media-text__content\">\n<div class=\"wp-block-columns is-layout-flex wp-container-core-columns-is-layout-28f84493 wp-block-columns-is-layout-flex\">\n<div class=\"wp-block-column is-layout-flow wp-block-column-is-layout-flow\">\n<div style=\"height:29px\" aria-hidden=\"true\" class=\"wp-block-spacer\"><\/div>\n\n\n\n<h3 class=\"wp-block-heading\">We offer a full range of sandwich panels<\/h3>\n\n\n\n<p>Thermal insulation sandwich panels are designed to meet thermal insulation requirements and eliminate the formation of condensation in buildings. By using them, you save time and money, obtaining excellent results. <\/p>\n\n\n\n<h5 class=\"wp-block-heading\">Composition <\/h5>\n\n\n\n<p>The composition of the sandwich panel is crucial for its acoustic and thermal insulation properties, as well as for fire protection. <\/p>\n\n\n\n<p>The composition can be: <\/p>\n\n\n\n<ul class=\"wp-block-list\"><li>polyurethane foam: no fire resistance (PUR), or fire resistance (PIR)<\/li><li>fireproof hard mineral wool.<\/li><\/ul>\n<\/div>\n\n\n\n<div class=\"wp-block-column is-layout-flow wp-block-column-is-layout-flow\">\n<div style=\"height:29px\" aria-hidden=\"true\" class=\"wp-block-spacer\"><\/div>\n\n\n\n<h6 class=\"wp-block-heading\"><img data-recalc-dims=\"1\" loading=\"lazy\" decoding=\"async\" width=\"200\" height=\"200\" class=\"wp-image-536\" style=\"width: 200px;\" src=\"https:\/\/i0.wp.com\/ara-panouri-sandwich.ro\/wp-content\/uploads\/2021\/01\/panouri-sandwich-prindere-vizibila.jpg?resize=200%2C200&#038;ssl=1\" alt=\"\" title=\"\" srcset=\"https:\/\/i0.wp.com\/ara-panouri-sandwich.ro\/wp-content\/uploads\/2021\/01\/panouri-sandwich-prindere-vizibila.jpg?w=400&amp;ssl=1 400w, https:\/\/i0.wp.com\/ara-panouri-sandwich.ro\/wp-content\/uploads\/2021\/01\/panouri-sandwich-prindere-vizibila.jpg?resize=300%2C300&amp;ssl=1 300w, https:\/\/i0.wp.com\/ara-panouri-sandwich.ro\/wp-content\/uploads\/2021\/01\/panouri-sandwich-prindere-vizibila.jpg?resize=150%2C150&amp;ssl=1 150w\" sizes=\"auto, (max-width: 200px) 100vw, 200px\" \/>Panouri sandwich pereti<\/h6>\n\n\n\n<p>Wall sandwich panels with visible mounting. Thermal insulation, suitable for any construction. <\/p>\n\n\n\n<h6 class=\"wp-block-heading\"><img data-recalc-dims=\"1\" loading=\"lazy\" decoding=\"async\" width=\"200\" height=\"183\" class=\"wp-image-533\" style=\"width: 200px;\" src=\"https:\/\/i0.wp.com\/ara-panouri-sandwich.ro\/wp-content\/uploads\/2021\/01\/panouri-sandwich-fixare-vizibila.jpg?resize=200%2C183&#038;ssl=1\" alt=\"\" title=\"\" srcset=\"https:\/\/i0.wp.com\/ara-panouri-sandwich.ro\/wp-content\/uploads\/2021\/01\/panouri-sandwich-fixare-vizibila.jpg?w=400&amp;ssl=1 400w, https:\/\/i0.wp.com\/ara-panouri-sandwich.ro\/wp-content\/uploads\/2021\/01\/panouri-sandwich-fixare-vizibila.jpg?resize=300%2C274&amp;ssl=1 300w\" sizes=\"auto, (max-width: 200px) 100vw, 200px\" \/>Panouri sandwich pereti<\/h6>\n\n\n\n<p>Sandwich panels walls with hidden fixing. They add a plus in terms of aesthetics and are suitable for any construction. <\/p>\n\n\n\n<h6 class=\"wp-block-heading\"> <img data-recalc-dims=\"1\" loading=\"lazy\" decoding=\"async\" width=\"200\" height=\"136\" class=\"wp-image-644\" style=\"width: 200px;\" src=\"https:\/\/i0.wp.com\/ara-panouri-sandwich.ro\/wp-content\/uploads\/2021\/01\/panou-acoperis.png?resize=200%2C136&#038;ssl=1\" alt=\"\" title=\"\">panouri sandwich pereti<\/h6>\n\n\n\n<p>Insulating roof panels.<\/p>\n<\/div>\n<\/div>\n<\/div><\/div>\n\n\n\n<div class=\"wp-block-group alignfull has-white-background-color has-background is-layout-flow wp-block-group-is-layout-flow\"><div class=\"wp-block-group__inner-container\">\n<div class=\"wp-block-media-text alignwide is-stacked-on-mobile is-vertically-aligned-center\" style=\"grid-template-columns:41% auto\"><figure class=\"wp-block-media-text__media\"><img data-recalc-dims=\"1\" loading=\"lazy\" decoding=\"async\" width=\"1024\" height=\"236\" src=\"https:\/\/i0.wp.com\/ara-panouri-sandwich.ro\/wp-content\/uploads\/2021\/01\/produkt1.jpg?resize=1024%2C236&#038;ssl=1\" alt=\"\" class=\"wp-image-563 size-full\" title=\"\" srcset=\"https:\/\/i0.wp.com\/ara-panouri-sandwich.ro\/wp-content\/uploads\/2021\/01\/produkt1.jpg?resize=1024%2C236&amp;ssl=1 1024w, https:\/\/i0.wp.com\/ara-panouri-sandwich.ro\/wp-content\/uploads\/2021\/01\/produkt1.jpg?resize=300%2C69&amp;ssl=1 300w, https:\/\/i0.wp.com\/ara-panouri-sandwich.ro\/wp-content\/uploads\/2021\/01\/produkt1.jpg?resize=768%2C177&amp;ssl=1 768w, https:\/\/i0.wp.com\/ara-panouri-sandwich.ro\/wp-content\/uploads\/2021\/01\/produkt1.jpg?w=1300&amp;ssl=1 1300w\" sizes=\"auto, (max-width: 1000px) 100vw, 1000px\" \/><\/figure><div class=\"wp-block-media-text__content\">\n<h4 class=\"wp-block-heading\"><strong>Thermal wall insulation panel with visible PUR \/ PIR fixing<\/strong><\/h4>\n\n\n\n<figure class=\"wp-block-table\"><table><tbody><tr><td>Composition:<\/td><td><strong>PUR\/PIR<\/strong><\/td><\/tr><tr><td>Actual width:<\/td><td><strong>1000 mm<\/strong><\/td><\/tr><tr><td>Actual length:<\/td><td><strong>1018 mm<\/strong><\/td><\/tr><tr><td>Minimum panel length:<\/td><td><strong>2,50 mb<\/strong><\/td><\/tr><tr><td>Maximum panel length:<\/td><td><strong>13,50 mb<\/strong><\/td><\/tr><tr><td>Ext.\/int sheet thickness:<\/td><td><strong>0,4\u20130,7 \/ 0,4\u20130,7 mm<\/strong><\/td><\/tr><\/tbody><\/table><\/figure>\n<\/div><\/div>\n\n\n\n<div style=\"height:30px\" aria-hidden=\"true\" class=\"wp-block-spacer\"><\/div>\n\n\n\n<div class=\"wp-block-media-text alignwide is-stacked-on-mobile is-vertically-aligned-center\" style=\"grid-template-columns:42% auto\"><figure class=\"wp-block-media-text__media\"><img data-recalc-dims=\"1\" loading=\"lazy\" decoding=\"async\" width=\"1024\" height=\"236\" src=\"https:\/\/i0.wp.com\/ara-panouri-sandwich.ro\/wp-content\/uploads\/2021\/01\/produkt2.jpg?resize=1024%2C236&#038;ssl=1\" alt=\"\" class=\"wp-image-572 size-full\" title=\"\" srcset=\"https:\/\/i0.wp.com\/ara-panouri-sandwich.ro\/wp-content\/uploads\/2021\/01\/produkt2.jpg?resize=1024%2C236&amp;ssl=1 1024w, https:\/\/i0.wp.com\/ara-panouri-sandwich.ro\/wp-content\/uploads\/2021\/01\/produkt2.jpg?resize=300%2C69&amp;ssl=1 300w, https:\/\/i0.wp.com\/ara-panouri-sandwich.ro\/wp-content\/uploads\/2021\/01\/produkt2.jpg?resize=768%2C177&amp;ssl=1 768w, https:\/\/i0.wp.com\/ara-panouri-sandwich.ro\/wp-content\/uploads\/2021\/01\/produkt2.jpg?w=1300&amp;ssl=1 1300w\" sizes=\"auto, (max-width: 1000px) 100vw, 1000px\" \/><\/figure><div class=\"wp-block-media-text__content\">\n<h4 class=\"wp-block-heading\">Thermal insulation wall panel with hidden PUR \/ PIR fixing<\/h4>\n\n\n\n<figure class=\"wp-block-table\"><table><tbody><tr><td>Composition:<\/td><td><strong>PUR\/PIR<\/strong><\/td><\/tr><tr><td>Actual width:<\/td><td><strong>1000 mm<\/strong><\/td><\/tr><tr><td>Actual length:<\/td><td><strong>1047 mm<\/strong><\/td><\/tr><tr><td>Minimum panel length:<\/td><td><strong>2,50 mb<\/strong><\/td><\/tr><tr><td>Maximum panel length:<\/td><td><strong>13,50 mb<\/strong><\/td><\/tr><tr><td>Ext.\/int sheet thickness:<\/td><td><strong>0,4\u20130,7 \/ 0,4\u20130,7 mm<\/strong><\/td><\/tr><\/tbody><\/table><\/figure>\n<\/div><\/div>\n\n\n\n<div style=\"height:30px\" aria-hidden=\"true\" class=\"wp-block-spacer\"><\/div>\n\n\n\n<div class=\"wp-block-media-text alignwide is-stacked-on-mobile is-vertically-aligned-center\" style=\"grid-template-columns:43% auto\"><figure class=\"wp-block-media-text__media\"><img data-recalc-dims=\"1\" loading=\"lazy\" decoding=\"async\" width=\"1024\" height=\"236\" src=\"https:\/\/i0.wp.com\/ara-panouri-sandwich.ro\/wp-content\/uploads\/2021\/01\/produkt3.jpg?resize=1024%2C236&#038;ssl=1\" alt=\"\" class=\"wp-image-578 size-full\" title=\"\" srcset=\"https:\/\/i0.wp.com\/ara-panouri-sandwich.ro\/wp-content\/uploads\/2021\/01\/produkt3.jpg?resize=1024%2C236&amp;ssl=1 1024w, https:\/\/i0.wp.com\/ara-panouri-sandwich.ro\/wp-content\/uploads\/2021\/01\/produkt3.jpg?resize=300%2C69&amp;ssl=1 300w, https:\/\/i0.wp.com\/ara-panouri-sandwich.ro\/wp-content\/uploads\/2021\/01\/produkt3.jpg?resize=768%2C177&amp;ssl=1 768w, https:\/\/i0.wp.com\/ara-panouri-sandwich.ro\/wp-content\/uploads\/2021\/01\/produkt3.jpg?w=1300&amp;ssl=1 1300w\" sizes=\"auto, (max-width: 1000px) 100vw, 1000px\" \/><\/figure><div class=\"wp-block-media-text__content\">\n<h4 class=\"wp-block-heading\">Mineral wool sandwich panel with visible fixing<\/h4>\n\n\n\n<figure class=\"wp-block-table\"><table><tbody><tr><td>Actual width:<\/td><td><strong>1000 mm<\/strong><\/td><\/tr><tr><td>Actual length:<\/td><td><strong>1018 mm<\/strong><\/td><\/tr><tr><td>Minimum panel length:<\/td><td><strong>2,50 ml<\/strong><\/td><\/tr><tr><td>Maximum panel length:<\/td><td><strong>13,50 ml<\/strong><\/td><\/tr><tr><td>Ext.\/int sheet thickness:<\/td><td><strong>0,5 \u20130,7 \/ 0,5\u20130,7 mm<\/strong><\/td><\/tr><\/tbody><\/table><\/figure>\n<\/div><\/div>\n\n\n\n<div style=\"height:30px\" aria-hidden=\"true\" class=\"wp-block-spacer\"><\/div>\n\n\n\n<div class=\"wp-block-media-text alignwide is-stacked-on-mobile is-vertically-aligned-center\" style=\"grid-template-columns:44% auto\"><figure class=\"wp-block-media-text__media\"><img data-recalc-dims=\"1\" loading=\"lazy\" decoding=\"async\" width=\"1024\" height=\"269\" src=\"https:\/\/i0.wp.com\/ara-panouri-sandwich.ro\/wp-content\/uploads\/2021\/01\/produkt1-1.jpg?resize=1024%2C269&#038;ssl=1\" alt=\"\" class=\"wp-image-581 size-full\" title=\"\" srcset=\"https:\/\/i0.wp.com\/ara-panouri-sandwich.ro\/wp-content\/uploads\/2021\/01\/produkt1-1.jpg?resize=1024%2C269&amp;ssl=1 1024w, https:\/\/i0.wp.com\/ara-panouri-sandwich.ro\/wp-content\/uploads\/2021\/01\/produkt1-1.jpg?resize=300%2C79&amp;ssl=1 300w, https:\/\/i0.wp.com\/ara-panouri-sandwich.ro\/wp-content\/uploads\/2021\/01\/produkt1-1.jpg?resize=768%2C202&amp;ssl=1 768w, https:\/\/i0.wp.com\/ara-panouri-sandwich.ro\/wp-content\/uploads\/2021\/01\/produkt1-1.jpg?w=1300&amp;ssl=1 1300w\" sizes=\"auto, (max-width: 1000px) 100vw, 1000px\" \/><\/figure><div class=\"wp-block-media-text__content\">\n<h4 class=\"wp-block-heading\"><strong>Sandwich panel, PUR \/ PIR roof<\/strong><\/h4>\n\n\n\n<figure class=\"wp-block-table\"><table><tbody><tr><td>Composition:<\/td><td><strong>PUR\/PIR<\/strong><\/td><\/tr><tr><td>Actual width:<\/td><td><strong>1000 mm<\/strong><\/td><\/tr><tr><td>Actual length:<\/td><td><strong>1067 mm<\/strong><\/td><\/tr><tr><td>Minimum panel length:<\/td><td><strong>2,50 mb<\/strong><\/td><\/tr><tr><td>Maximum panel length:<\/td><td><strong>13,50 mb<\/strong><\/td><\/tr><tr><td>Ext.\/int sheet thickness:<\/td><td><strong>0,4\u20130,7 \/ 0,4\u20130,7 mm<\/strong><\/td><\/tr><\/tbody><\/table><\/figure>\n<\/div><\/div>\n\n\n\n<div style=\"height:30px\" aria-hidden=\"true\" class=\"wp-block-spacer\"><\/div>\n\n\n\n<div class=\"wp-block-media-text alignwide is-stacked-on-mobile is-vertically-aligned-center\" style=\"grid-template-columns:44% auto\"><figure class=\"wp-block-media-text__media\"><img data-recalc-dims=\"1\" loading=\"lazy\" decoding=\"async\" width=\"1024\" height=\"269\" src=\"https:\/\/i0.wp.com\/ara-panouri-sandwich.ro\/wp-content\/uploads\/2021\/01\/produkt2-1.jpg?resize=1024%2C269&#038;ssl=1\" alt=\"\" class=\"wp-image-583 size-full\" title=\"\" srcset=\"https:\/\/i0.wp.com\/ara-panouri-sandwich.ro\/wp-content\/uploads\/2021\/01\/produkt2-1.jpg?resize=1024%2C269&amp;ssl=1 1024w, https:\/\/i0.wp.com\/ara-panouri-sandwich.ro\/wp-content\/uploads\/2021\/01\/produkt2-1.jpg?resize=300%2C79&amp;ssl=1 300w, https:\/\/i0.wp.com\/ara-panouri-sandwich.ro\/wp-content\/uploads\/2021\/01\/produkt2-1.jpg?resize=768%2C202&amp;ssl=1 768w, https:\/\/i0.wp.com\/ara-panouri-sandwich.ro\/wp-content\/uploads\/2021\/01\/produkt2-1.jpg?w=1300&amp;ssl=1 1300w\" sizes=\"auto, (max-width: 1000px) 100vw, 1000px\" \/><\/figure><div class=\"wp-block-media-text__content\">\n<h4 class=\"wp-block-heading\"><strong>Sandwich panel, PUR \/ PIR roof<\/strong>R<\/h4>\n\n\n\n<figure class=\"wp-block-table\"><table><tbody><tr><td>Composition:<\/td><td><strong>PUR\/PIR<\/strong><\/td><\/tr><tr><td>Actual width:<\/td><td><strong>1000 mm<\/strong><\/td><\/tr><tr><td>Actual length:<\/td><td><strong>1067 mm<\/strong><\/td><\/tr><tr><td>Minimum panel length:<\/td><td><strong>2,50 mb<\/strong><\/td><\/tr><tr><td>Maximum panel length:<\/td><td><strong>13,50 mb<\/strong><\/td><\/tr><tr><td>Ext.\/int sheet thickness:<\/td><td><strong>0,4\u20130,7 \/ 0,4\u20130,7 mm<\/strong><\/td><\/tr><\/tbody><\/table><\/figure>\n<\/div><\/div>\n\n\n\n<div style=\"height:30px\" aria-hidden=\"true\" class=\"wp-block-spacer\"><\/div>\n\n\n\n<p>Thermal insulation sandwich wall and roof panels reduce the construction cost and the total cost of the building due to the fact that:<\/p>\n\n\n\n<ul class=\"wp-block-list\"><li>provides waterproofing;<\/li><li>provides thermal insulation;<\/li><li>provides sound insulation;<\/li><li>improves the appearance when incorporated into ready-to-assemble prefabricated structural elements.<\/li><\/ul>\n\n\n\n<p>It also provides:<\/p>\n\n\n\n<ul class=\"wp-block-list\"><li>simple and fast assembly;<\/li><li>minimum maintenance;<\/li><li>considerable energy savings;<\/li><li>fire protection;<\/li><li>more economical electrical and mechanical equipment (boilers, cooling equipment).<\/li><\/ul>\n\n\n\n<p>Sandwich panels are laminated boards, made of various lightweight and good insulating materials, protected by various coatings of durable and hard materials.<\/p>\n\n\n\n<p>The panels' core can be made of glass wool, polyurethane foam, or extruded polystyrene foam, and the exterior is made of PVC, veneered plywood, aluminum, or laminated sheet.<\/p>\n\n\n\n<h3 class=\"wp-block-heading\">The use of wall and roof sandwich panels<\/h3>\n\n\n\n<p>Printre cele mai comune tipuri de constructii in care se folosesc sistemele complete din panouri sandwich\u00a0se numara\u00a0<strong>industrial halls, logistics warehouses, production spaces, factories, showrooms, cold rooms, gyms, malls and commercial spaces or garages, laundries and other similar annexes<\/strong>.\u00a0De altfel, folosirea panourilor sandwich a inceput cu constructiile industriale.<\/p>\n\n\n\n<p>Mai multe referin\u021be \u0219i explica\u021bii despre panourile sandwich pot fi g\u0103site <a href=\"https:\/\/www.residentialproductsonline.com\/it-time-give-structural-insulated-panels-second-look#\" target=\"_blank\" rel=\"noreferrer noopener\">aici<\/a> (EN). <\/p>\n\n\n\n<p>Comenzi se pot face <a href=\"https:\/\/ara-panouri-sandwich.ro\/en\/contact\/\">aici.<\/a><\/p>\n<\/div><\/div>\n\n\n\n<div class=\"wp-block-cover has-background-dim-80 has-background-dim has-parallax alignfull\" style=\"background-image:url(https:\/\/ara-panouri-sandwich.ro\/wp-content\/uploads\/2021\/01\/pexels-pixabay-269077-1.jpg);background-color:#404e5c;min-height:500px;aspect-ratio:unset;\"><div class=\"wp-block-cover__inner-container is-layout-flow wp-block-cover-is-layout-flow\">\n<div class=\"wp-block-columns alignwide are-vertically-aligned-center is-layout-flex wp-container-core-columns-is-layout-28f84493 wp-block-columns-is-layout-flex\">\n<div class=\"wp-block-column is-vertically-aligned-center is-layout-flow wp-block-column-is-layout-flow\" style=\"flex-basis:66.66%\">\n<h3 class=\"has-white-color has-text-color wp-block-heading\">We find solutions together<\/h3>\n\n\n\n<p class=\"has-white-color has-text-color\">Is the product you are looking for not described or listed above? Give us a call now and we will find the best solutions together. <\/p>\n<\/div>\n\n\n\n<div class=\"wp-block-column is-vertically-aligned-center is-layout-flow wp-block-column-is-layout-flow\" style=\"flex-basis:33.33%\"><\/div>\n<\/div>\n<\/div><\/div>","protected":false},"excerpt":{"rendered":"<p>Panou termoizolant de perete cu fixare vizibil\u0103 PUR\/PIR Miez: PUR\/PIR L\u0103\u0163imea efectiv\u0103: 1000 mm L\u0103\u0163imea total\u0103: 1018 mm Lungimea minim\u0103 a panoului: 2,50 mb Lungimea maxim\u0103 a panoului: 13,50 mb Grosimea tablei ext.\/int.: 0,4\u20130,7 \/ 0,4\u20130,7 mm Panou termoizolant de perete cu fixare ascuns\u0103 PUR\/PIR Miez: PUR\/PIR L\u0103\u0163imea efectiv\u0103: 1000 mm L\u0103\u0163imea total\u0103: 1047 mm &hellip;<\/p>\n<p class=\"read-more\"> <a class=\"\" href=\"https:\/\/ara-panouri-sandwich.ro\/en\/panouri-sandwich-pereti\/\"> <span class=\"screen-reader-text\">Panouri sandwich pereti<\/span> Read More &raquo;<\/a><\/p>","protected":false},"author":1,"featured_media":0,"parent":0,"menu_order":0,"comment_status":"closed","ping_status":"closed","template":"","meta":{"site-sidebar-layout":"no-sidebar","site-content-layout":"plain-container","ast-global-header-display":"","ast-main-header-display":"","ast-hfb-above-header-display":"","ast-hfb-below-header-display":"","ast-hfb-mobile-header-display":"","site-post-title":"disabled","ast-breadcrumbs-content":"","ast-featured-img":"","footer-sml-layout":"","theme-transparent-header-meta":"enabled","adv-header-id-meta":"","stick-header-meta":"","header-above-stick-meta":"","header-main-stick-meta":"","header-below-stick-meta":"","footnotes":""},"class_list":["post-242","page","type-page","status-publish","hentry"],"jetpack_sharing_enabled":true,"_links":{"self":[{"href":"https:\/\/ara-panouri-sandwich.ro\/en\/wp-json\/wp\/v2\/pages\/242","targetHints":{"allow":["GET"]}}],"collection":[{"href":"https:\/\/ara-panouri-sandwich.ro\/en\/wp-json\/wp\/v2\/pages"}],"about":[{"href":"https:\/\/ara-panouri-sandwich.ro\/en\/wp-json\/wp\/v2\/types\/page"}],"author":[{"embeddable":true,"href":"https:\/\/ara-panouri-sandwich.ro\/en\/wp-json\/wp\/v2\/users\/1"}],"replies":[{"embeddable":true,"href":"https:\/\/ara-panouri-sandwich.ro\/en\/wp-json\/wp\/v2\/comments?post=242"}],"version-history":[{"count":64,"href":"https:\/\/ara-panouri-sandwich.ro\/en\/wp-json\/wp\/v2\/pages\/242\/revisions"}],"predecessor-version":[{"id":727,"href":"https:\/\/ara-panouri-sandwich.ro\/en\/wp-json\/wp\/v2\/pages\/242\/revisions\/727"}],"wp:attachment":[{"href":"https:\/\/ara-panouri-sandwich.ro\/en\/wp-json\/wp\/v2\/media?parent=242"}],"curies":[{"name":"wp","href":"https:\/\/api.w.org\/{rel}","templated":true}]}}