{"id":241,"date":"2020-09-09T09:57:04","date_gmt":"2020-09-09T09:57:04","guid":{"rendered":"https:\/\/ara-panouri-sandwich.ro\/about\/"},"modified":"2021-07-12T10:15:28","modified_gmt":"2021-07-12T10:15:28","slug":"panouri-sandwich-pret-producator","status":"publish","type":"page","link":"https:\/\/ara-panouri-sandwich.ro\/en\/panouri-sandwich-pret-producator\/","title":{"rendered":"Panouri sandwich pret producator 3 tipuri"},"content":{"rendered":"<div class=\"wp-block-cover alignfull has-background-dim-80 has-background-dim has-parallax\" style=\"background-image:url(https:\/\/ara-panouri-sandwich.ro\/wp-content\/uploads\/2021\/01\/96808-4762627.jpg);background-color:#1f273a;min-height:500px;aspect-ratio:unset;\"><div class=\"wp-block-cover__inner-container is-layout-flow wp-block-cover-is-layout-flow\">\n<div style=\"height:150px\" aria-hidden=\"true\" class=\"wp-block-spacer\"><\/div>\n\n\n\n<div class=\"wp-block-columns alignwide are-vertically-aligned-bottom is-layout-flex wp-container-core-columns-is-layout-28f84493 wp-block-columns-is-layout-flex\">\n<div class=\"wp-block-column is-vertically-aligned-bottom is-layout-flow wp-block-column-is-layout-flow\" style=\"flex-basis:66.66%\">\n<h1 class=\"has-white-color has-text-color wp-block-heading\">About Us <\/h1>\n\n\n\n<p><\/p>\n<\/div>\n\n\n\n<div class=\"wp-block-column is-vertically-aligned-bottom is-layout-flow wp-block-column-is-layout-flow\" style=\"flex-basis:33.33%\">\n<div class=\"wp-block-group alignfull has-background is-layout-flow wp-block-group-is-layout-flow\" style=\"background-color:#71979c\"><div class=\"wp-block-group__inner-container\">\n<h4 class=\"has-white-color has-text-color wp-block-heading\">Request a quote now!<\/h4>\n\n\n\n<h3 class=\"wp-block-heading\"><a aria-label=\"\ufffc Sun\u0103 acum! (opens in a new tab)\" href=\"tel:+40763741011\" target=\"_blank\" rel=\"noreferrer noopener\" class=\"rank-math-link\"> <\/a> <img data-recalc-dims=\"1\" loading=\"lazy\" decoding=\"async\" width=\"35\" height=\"35\" class=\"wp-image-517\" style=\"width: 35px;\" src=\"https:\/\/i0.wp.com\/ara-panouri-sandwich.ro\/wp-content\/uploads\/2021\/01\/computer-icons-mobile-phones-clip-art-telephone-call-phone-number-icon-a822ada9d7aa8a576b7eab5baef2c0e6.png?resize=35%2C35&#038;ssl=1\" alt=\"panouri sandwich telefon\" title=\"\" srcset=\"https:\/\/i0.wp.com\/ara-panouri-sandwich.ro\/wp-content\/uploads\/2021\/01\/computer-icons-mobile-phones-clip-art-telephone-call-phone-number-icon-a822ada9d7aa8a576b7eab5baef2c0e6.png?w=512&amp;ssl=1 512w, https:\/\/i0.wp.com\/ara-panouri-sandwich.ro\/wp-content\/uploads\/2021\/01\/computer-icons-mobile-phones-clip-art-telephone-call-phone-number-icon-a822ada9d7aa8a576b7eab5baef2c0e6.png?resize=300%2C300&amp;ssl=1 300w, https:\/\/i0.wp.com\/ara-panouri-sandwich.ro\/wp-content\/uploads\/2021\/01\/computer-icons-mobile-phones-clip-art-telephone-call-phone-number-icon-a822ada9d7aa8a576b7eab5baef2c0e6.png?resize=150%2C150&amp;ssl=1 150w\" sizes=\"auto, (max-width: 35px) 100vw, 35px\" \/> <a rel=\"noreferrer noopener\" href=\"tel:+40763741011\" target=\"_blank\" class=\"rank-math-link\">(+40) 763 741 011<\/a><\/h3>\n\n\n\n<h3 class=\"wp-block-heading\"><\/h3>\n\n\n\n<p><\/p>\n<\/div><\/div>\n<\/div>\n<\/div>\n\n\n\n<p><\/p>\n<\/div><\/div>\n\n\n\n<p><\/p>\n\n\n\n<h3 class=\"wp-block-heading\">Sandwich Panels Manufacturer Price<\/h3>\n\n\n\n<div class=\"wp-block-group alignfull is-layout-flow wp-block-group-is-layout-flow\"><div class=\"wp-block-group__inner-container\">\n<h5 class=\"wp-block-heading\">We are ARA PANO Company. We import and deliver sandwich panels for the best price on the market.<\/h5>\n\n\n\n<div class=\"wp-block-columns alignwide is-layout-flex wp-container-core-columns-is-layout-28f84493 wp-block-columns-is-layout-flex\">\n<div class=\"wp-block-column is-layout-flow wp-block-column-is-layout-flow\">\n<p>We are a company based in Timisoara, Romania, Eastern Europe. We sell sandwich panels for the manufacturer's price, from stock, or for the order. <\/p>\n<\/div>\n\n\n\n<div class=\"wp-block-column is-layout-flow wp-block-column-is-layout-flow\">\n<p>Do you want to <strong>save time and money<\/strong> for your construction? Choose <strong>sandwich panels<\/strong>We provide <strong>all types of sandwich panels<\/strong> \u2014 for walls and roof, with a thickness from 4 to 15cm, sheet thickness from 0.3 to 0.5cm. Foam or cotton wool composition, with fire resistance.<\/p>\n<\/div>\n\n\n\n<div class=\"wp-block-column is-layout-flow wp-block-column-is-layout-flow\">\n<h3 class=\"wp-block-heading\">We offer:<br>\u2014 Manufacturer price.<br>\u2014 Quick delivery from stock.<br>\u2014 Free consultancy.<br> <\/h3>\n<\/div>\n<\/div>\n<\/div><\/div>\n\n\n\n<p>Tell us about your project, and we'll help you choose the perfect sandwich panels. <a class=\"rank-math-link\" href=\"https:\/\/ara-panouri-sandwich.ro\/en\/contact\/\">Contact Us Now!<\/a><\/p>\n\n\n\n<p>Mai multe referin\u021be \u0219i explica\u021bii despre panourile sandwich pot fi g\u0103site&nbsp;<a href=\"https:\/\/en.wikipedia.org\/wiki\/Structural_insulated_panel\" target=\"_blank\" rel=\"noopener\">aici<\/a>&nbsp;(EN).<\/p>\n\n\n\n<div style=\"height:62px\" aria-hidden=\"true\" class=\"wp-block-spacer\"><\/div>","protected":false},"excerpt":{"rendered":"<p>Panouri sandwich pret produc\u0103tor Noi suntem Ara Pano. Import\u0103m \u0219i distribuim panouri sandwich la cele mai bune pre\u021buri. Suntem o companie cu sediul \u00een Timi\u0219oara. Comercializ\u0103m panouri sandwich pret produc\u0103tor, direct din stoc sau pe comand\u0103. Vrei s\u0103 economise\u0219ti timp \u0219i bani pentru construc\u021bia ta? Alege panourile sandwich. \u00ce\u021bi punem la dispozi\u021bie toate tipurle de &hellip;<\/p>\n<p class=\"read-more\"> <a class=\"\" href=\"https:\/\/ara-panouri-sandwich.ro\/en\/panouri-sandwich-pret-producator\/\"> <span class=\"screen-reader-text\">Panouri sandwich pret producator 3 tipuri<\/span> Read More &raquo;<\/a><\/p>","protected":false},"author":1,"featured_media":0,"parent":0,"menu_order":0,"comment_status":"closed","ping_status":"closed","template":"","meta":{"site-sidebar-layout":"no-sidebar","site-content-layout":"plain-container","ast-global-header-display":"","ast-main-header-display":"","ast-hfb-above-header-display":"","ast-hfb-below-header-display":"","ast-hfb-mobile-header-display":"","site-post-title":"disabled","ast-breadcrumbs-content":"","ast-featured-img":"","footer-sml-layout":"","theme-transparent-header-meta":"enabled","adv-header-id-meta":"","stick-header-meta":"","header-above-stick-meta":"","header-main-stick-meta":"","header-below-stick-meta":"","footnotes":""},"class_list":["post-241","page","type-page","status-publish","hentry"],"jetpack_sharing_enabled":true,"_links":{"self":[{"href":"https:\/\/ara-panouri-sandwich.ro\/en\/wp-json\/wp\/v2\/pages\/241","targetHints":{"allow":["GET"]}}],"collection":[{"href":"https:\/\/ara-panouri-sandwich.ro\/en\/wp-json\/wp\/v2\/pages"}],"about":[{"href":"https:\/\/ara-panouri-sandwich.ro\/en\/wp-json\/wp\/v2\/types\/page"}],"author":[{"embeddable":true,"href":"https:\/\/ara-panouri-sandwich.ro\/en\/wp-json\/wp\/v2\/users\/1"}],"replies":[{"embeddable":true,"href":"https:\/\/ara-panouri-sandwich.ro\/en\/wp-json\/wp\/v2\/comments?post=241"}],"version-history":[{"count":51,"href":"https:\/\/ara-panouri-sandwich.ro\/en\/wp-json\/wp\/v2\/pages\/241\/revisions"}],"predecessor-version":[{"id":730,"href":"https:\/\/ara-panouri-sandwich.ro\/en\/wp-json\/wp\/v2\/pages\/241\/revisions\/730"}],"wp:attachment":[{"href":"https:\/\/ara-panouri-sandwich.ro\/en\/wp-json\/wp\/v2\/media?parent=241"}],"curies":[{"name":"wp","href":"https:\/\/api.w.org\/{rel}","templated":true}]}}