{"id":180,"date":"2020-09-09T13:50:12","date_gmt":"2020-09-09T13:50:12","guid":{"rendered":"https:\/\/ara-panouri-sandwich.ro\/contact\/"},"modified":"2021-07-12T10:27:38","modified_gmt":"2021-07-12T10:27:38","slug":"contact-panouri-sandwich-timisoara","status":"publish","type":"page","link":"https:\/\/ara-panouri-sandwich.ro\/en\/contact-panouri-sandwich-timisoara\/","title":{"rendered":"Contact Panouri Sandwich Timisoara 3 tipuri"},"content":{"rendered":"<div class=\"wp-block-cover alignfull has-background-dim-80 has-background-dim has-parallax\" style=\"background-image:url(https:\/\/ara-panouri-sandwich.ro\/wp-content\/uploads\/2021\/01\/contact-panouri-sandwich.jpg);background-color:#1f273a;min-height:500px;aspect-ratio:unset;\"><div class=\"wp-block-cover__inner-container is-layout-flow wp-block-cover-is-layout-flow\">\n<div style=\"height:150px\" aria-hidden=\"true\" class=\"wp-block-spacer\"><\/div>\n\n\n\n<div class=\"wp-block-columns alignwide are-vertically-aligned-bottom is-layout-flex wp-container-core-columns-is-layout-28f84493 wp-block-columns-is-layout-flex\">\n<div class=\"wp-block-column is-vertically-aligned-bottom is-layout-flow wp-block-column-is-layout-flow\" style=\"flex-basis:66.66%\">\n<h1 class=\"has-white-color has-text-color wp-block-heading\">Contact<\/h1>\n<\/div>\n\n\n\n<div class=\"wp-block-column is-vertically-aligned-bottom is-layout-flow wp-block-column-is-layout-flow\" style=\"flex-basis:33.33%\">\n<div class=\"wp-block-group alignfull has-background is-layout-flow wp-block-group-is-layout-flow\" style=\"background-color:#71979c\"><div class=\"wp-block-group__inner-container\">\n<h4 class=\"has-white-color has-text-color wp-block-heading\">Request a quote now!<\/h4>\n\n\n\n<h3 class=\"fas fa-phone has-white-color has-text-color wp-block-heading\"><img data-recalc-dims=\"1\" loading=\"lazy\" decoding=\"async\" width=\"35\" height=\"35\" class=\"wp-image-517\" style=\"width: 35px;\" src=\"https:\/\/i0.wp.com\/ara-panouri-sandwich.ro\/wp-content\/uploads\/2021\/01\/computer-icons-mobile-phones-clip-art-telephone-call-phone-number-icon-a822ada9d7aa8a576b7eab5baef2c0e6.png?resize=35%2C35&#038;ssl=1\" alt=\"panouri sandwich telefon\" title=\"\" srcset=\"https:\/\/i0.wp.com\/ara-panouri-sandwich.ro\/wp-content\/uploads\/2021\/01\/computer-icons-mobile-phones-clip-art-telephone-call-phone-number-icon-a822ada9d7aa8a576b7eab5baef2c0e6.png?w=512&amp;ssl=1 512w, https:\/\/i0.wp.com\/ara-panouri-sandwich.ro\/wp-content\/uploads\/2021\/01\/computer-icons-mobile-phones-clip-art-telephone-call-phone-number-icon-a822ada9d7aa8a576b7eab5baef2c0e6.png?resize=300%2C300&amp;ssl=1 300w, https:\/\/i0.wp.com\/ara-panouri-sandwich.ro\/wp-content\/uploads\/2021\/01\/computer-icons-mobile-phones-clip-art-telephone-call-phone-number-icon-a822ada9d7aa8a576b7eab5baef2c0e6.png?resize=150%2C150&amp;ssl=1 150w\" sizes=\"auto, (max-width: 35px) 100vw, 35px\" \/> <a rel=\"noreferrer noopener\" href=\"tel:+40763741011\" target=\"_blank\" class=\"rank-math-link\">(+40) 763 741 011<\/a><\/h3>\n\n\n\n<p><\/p>\n<\/div><\/div>\n\n\n\n<h2 class=\"wp-block-heading\"><\/h2>\n<\/div>\n<\/div>\n<\/div><\/div>\n\n\n\n<div class=\"wp-block-group alignfull is-layout-flow wp-block-group-is-layout-flow\"><div class=\"wp-block-group__inner-container\">\n<div class=\"wp-block-columns alignfull are-vertically-aligned-center is-layout-flex wp-container-core-columns-is-layout-28f84493 wp-block-columns-is-layout-flex\">\n<div class=\"wp-block-column is-vertically-aligned-center is-layout-flow wp-block-column-is-layout-flow\" style=\"flex-basis:66.66%\">\n<h3 class=\"wp-block-heading\">Contact Sandwich Panels Timisoara<\/h3>\n\n\n\n<p><strong><a href=\"https:\/\/ara-panouri-sandwich.ro\/en\/panouri-sandwich-pereti\/\" class=\"rank-math-link\">Sandwich panels<\/a><\/strong> for houses, industrial constructions, garages, cold rooms, roofs, etc.<\/p>\n\n\n\n<p>For any questions, orders, or price offers, please contact us. <\/p>\n\n\n\n<p>Together, we build the future! <\/p>\n\n\n\n<div class=\"wp-block-columns alignfull is-layout-flex wp-container-core-columns-is-layout-28f84493 wp-block-columns-is-layout-flex\">\n<div class=\"wp-block-column is-layout-flow wp-block-column-is-layout-flow\" style=\"flex-basis:45%\">\n<h6 class=\"wp-block-heading\">Aradului Street 48, Timisoara, Romania<\/h6>\n<\/div>\n\n\n\n<div class=\"wp-block-column is-layout-flow wp-block-column-is-layout-flow\" style=\"flex-basis:10%\"><\/div>\n\n\n\n<div class=\"wp-block-column is-layout-flow wp-block-column-is-layout-flow\" style=\"flex-basis:45%\">\n<h6 class=\"wp-block-heading\"><img data-recalc-dims=\"1\" loading=\"lazy\" decoding=\"async\" width=\"20\" height=\"20\" class=\"wp-image-517\" style=\"width: 20px;\" src=\"https:\/\/i0.wp.com\/ara-panouri-sandwich.ro\/wp-content\/uploads\/2021\/01\/computer-icons-mobile-phones-clip-art-telephone-call-phone-number-icon-a822ada9d7aa8a576b7eab5baef2c0e6.png?resize=20%2C20&#038;ssl=1\" alt=\"panouri sandwich telefon\" title=\"\" srcset=\"https:\/\/i0.wp.com\/ara-panouri-sandwich.ro\/wp-content\/uploads\/2021\/01\/computer-icons-mobile-phones-clip-art-telephone-call-phone-number-icon-a822ada9d7aa8a576b7eab5baef2c0e6.png?w=512&amp;ssl=1 512w, https:\/\/i0.wp.com\/ara-panouri-sandwich.ro\/wp-content\/uploads\/2021\/01\/computer-icons-mobile-phones-clip-art-telephone-call-phone-number-icon-a822ada9d7aa8a576b7eab5baef2c0e6.png?resize=300%2C300&amp;ssl=1 300w, https:\/\/i0.wp.com\/ara-panouri-sandwich.ro\/wp-content\/uploads\/2021\/01\/computer-icons-mobile-phones-clip-art-telephone-call-phone-number-icon-a822ada9d7aa8a576b7eab5baef2c0e6.png?resize=150%2C150&amp;ssl=1 150w\" sizes=\"auto, (max-width: 20px) 100vw, 20px\" \/> <strong><a href=\"tel:+40763741011\" class=\"rank-math-link\">(+40) 763 741 011<\/a><\/strong><\/h6>\n<\/div>\n<\/div>\n\n\n\n<div class=\"wp-block-columns alignfull is-layout-flex wp-container-core-columns-is-layout-28f84493 wp-block-columns-is-layout-flex\">\n<div class=\"wp-block-column is-layout-flow wp-block-column-is-layout-flow\" style=\"flex-basis:45%\">\n<h6 class=\"wp-block-heading\">Ara Pano Company<br>CUI <strong>43174019<\/strong><br>EUID: ROONRC.J35\/3002\/2020&nbsp;<\/h6>\n<\/div>\n\n\n\n<div class=\"wp-block-column is-layout-flow wp-block-column-is-layout-flow\" style=\"flex-basis:10%\"><\/div>\n\n\n\n<div class=\"wp-block-column is-layout-flow wp-block-column-is-layout-flow\" style=\"flex-basis:45%\">\n<h6 class=\"wp-block-heading\"><img data-recalc-dims=\"1\" loading=\"lazy\" decoding=\"async\" width=\"20\" height=\"20\" class=\"wp-image-602\" style=\"width: 20px;\" src=\"https:\/\/i0.wp.com\/ara-panouri-sandwich.ro\/wp-content\/uploads\/2021\/01\/green-email-5-icon-free-green-email-icons-green-email-icon-256_256.png?resize=20%2C20&#038;ssl=1\" alt=\"panouri sandwich contact\" title=\"\" srcset=\"https:\/\/i0.wp.com\/ara-panouri-sandwich.ro\/wp-content\/uploads\/2021\/01\/green-email-5-icon-free-green-email-icons-green-email-icon-256_256.png?w=256&amp;ssl=1 256w, https:\/\/i0.wp.com\/ara-panouri-sandwich.ro\/wp-content\/uploads\/2021\/01\/green-email-5-icon-free-green-email-icons-green-email-icon-256_256.png?resize=150%2C150&amp;ssl=1 150w\" sizes=\"auto, (max-width: 20px) 100vw, 20px\" \/> <a aria-label=\" (opens in a new tab)\" href=\"mailto:contact@ara-panouri-sandwich.ro\" target=\"_blank\" rel=\"noreferrer noopener\" class=\"rank-math-link\">contact@ara-panouri-sandwich.ro<\/a><br><a aria-label=\" (opens in a new tab)\" href=\"mailto:contact@ara-panouri-sandwich.ro\" target=\"_blank\" rel=\"noreferrer noopener\" class=\"rank-math-link\"> <\/a><a href=\"mailto:contact@ara-panouri-sandwich.ro\" class=\"rank-math-link\"><br><\/a><\/h6>\n<\/div>\n<\/div>\n\n\n\n<p>Avem o vast\u0103 experien\u021b\u0103 \u00een domeniul construc\u021biilor cu panouri sandwich \u0219i v\u0103 putem ajuta \u00een alegerea celor mai bune materiale \u0219i solu\u021bii pentru proiectele dumneavoastr\u0103. Clien\u021bii no\u0219trii, din partrea de vest a \u021b\u0103rii dar nu numai, v\u0103 pot spune mai multe despre colaborarea pe care am avut-o \u00eempreun\u0103. <\/p>\n\n\n\n<ul class=\"wp-block-social-links alignleft has-normal-icon-size is-style-default is-layout-flex wp-block-social-links-is-layout-flex\"><li class=\"wp-social-link wp-social-link-facebook  wp-block-social-link\"><a rel=\"noopener nofollow\" target=\"_blank\" href=\"https:\/\/www.facebook.com\/ara.panouri.sandwich\" class=\"wp-block-social-link-anchor\"><svg width=\"24\" height=\"24\" viewbox=\"0 0 24 24\" version=\"1.1\" xmlns=\"http:\/\/www.w3.org\/2000\/svg\" aria-hidden=\"true\" focusable=\"false\"><path d=\"M12 2C6.5 2 2 6.5 2 12c0 5 3.7 9.1 8.4 9.9v-7H7.9V12h2.5V9.8c0-2.5 1.5-3.9 3.8-3.9 1.1 0 2.2.2 2.2.2v2.5h-1.3c-1.2 0-1.6.8-1.6 1.6V12h2.8l-.4 2.9h-2.3v7C18.3 21.1 22 17 22 12c0-5.5-4.5-10-10-10z\"><\/path><\/svg><span class=\"wp-block-social-link-label screen-reader-text\">Facebook<\/span><\/a><\/li>\n\n<li class=\"wp-social-link wp-social-link-instagram  wp-block-social-link\"><a rel=\"noopener nofollow\" target=\"_blank\" href=\"https:\/\/www.instagram.com\/panouri.sandwich\/\" class=\"wp-block-social-link-anchor\"><svg width=\"24\" height=\"24\" viewbox=\"0 0 24 24\" version=\"1.1\" xmlns=\"http:\/\/www.w3.org\/2000\/svg\" aria-hidden=\"true\" focusable=\"false\"><path d=\"M12,4.622c2.403,0,2.688,0.009,3.637,0.052c0.877,0.04,1.354,0.187,1.671,0.31c0.42,0.163,0.72,0.358,1.035,0.673 c0.315,0.315,0.51,0.615,0.673,1.035c0.123,0.317,0.27,0.794,0.31,1.671c0.043,0.949,0.052,1.234,0.052,3.637 s-0.009,2.688-0.052,3.637c-0.04,0.877-0.187,1.354-0.31,1.671c-0.163,0.42-0.358,0.72-0.673,1.035 c-0.315,0.315-0.615,0.51-1.035,0.673c-0.317,0.123-0.794,0.27-1.671,0.31c-0.949,0.043-1.233,0.052-3.637,0.052 s-2.688-0.009-3.637-0.052c-0.877-0.04-1.354-0.187-1.671-0.31c-0.42-0.163-0.72-0.358-1.035-0.673 c-0.315-0.315-0.51-0.615-0.673-1.035c-0.123-0.317-0.27-0.794-0.31-1.671C4.631,14.688,4.622,14.403,4.622,12 s0.009-2.688,0.052-3.637c0.04-0.877,0.187-1.354,0.31-1.671c0.163-0.42,0.358-0.72,0.673-1.035 c0.315-0.315,0.615-0.51,1.035-0.673c0.317-0.123,0.794-0.27,1.671-0.31C9.312,4.631,9.597,4.622,12,4.622 M12,3 C9.556,3,9.249,3.01,8.289,3.054C7.331,3.098,6.677,3.25,6.105,3.472C5.513,3.702,5.011,4.01,4.511,4.511 c-0.5,0.5-0.808,1.002-1.038,1.594C3.25,6.677,3.098,7.331,3.054,8.289C3.01,9.249,3,9.556,3,12c0,2.444,0.01,2.751,0.054,3.711 c0.044,0.958,0.196,1.612,0.418,2.185c0.23,0.592,0.538,1.094,1.038,1.594c0.5,0.5,1.002,0.808,1.594,1.038 c0.572,0.222,1.227,0.375,2.185,0.418C9.249,20.99,9.556,21,12,21s2.751-0.01,3.711-0.054c0.958-0.044,1.612-0.196,2.185-0.418 c0.592-0.23,1.094-0.538,1.594-1.038c0.5-0.5,0.808-1.002,1.038-1.594c0.222-0.572,0.375-1.227,0.418-2.185 C20.99,14.751,21,14.444,21,12s-0.01-2.751-0.054-3.711c-0.044-0.958-0.196-1.612-0.418-2.185c-0.23-0.592-0.538-1.094-1.038-1.594 c-0.5-0.5-1.002-0.808-1.594-1.038c-0.572-0.222-1.227-0.375-2.185-0.418C14.751,3.01,14.444,3,12,3L12,3z M12,7.378 c-2.552,0-4.622,2.069-4.622,4.622S9.448,16.622,12,16.622s4.622-2.069,4.622-4.622S14.552,7.378,12,7.378z M12,15 c-1.657,0-3-1.343-3-3s1.343-3,3-3s3,1.343,3,3S13.657,15,12,15z M16.804,6.116c-0.596,0-1.08,0.484-1.08,1.08 s0.484,1.08,1.08,1.08c0.596,0,1.08-0.484,1.08-1.08S17.401,6.116,16.804,6.116z\"><\/path><\/svg><span class=\"wp-block-social-link-label screen-reader-text\">Instagram<\/span><\/a><\/li><\/ul>\n\n\n\n<figure class=\"wp-block-image size-large is-resized\"><img data-recalc-dims=\"1\" loading=\"lazy\" decoding=\"async\" src=\"https:\/\/i0.wp.com\/ara-panouri-sandwich.ro\/wp-content\/uploads\/2021\/01\/panouri-sandwich-timisoara.png?resize=775%2C240&#038;ssl=1\" alt=\"panouri-sandwich-timisoara\" class=\"wp-image-660\" width=\"775\" height=\"240\" title=\"\" srcset=\"https:\/\/i0.wp.com\/ara-panouri-sandwich.ro\/wp-content\/uploads\/2021\/01\/panouri-sandwich-timisoara.png?w=597&amp;ssl=1 597w, https:\/\/i0.wp.com\/ara-panouri-sandwich.ro\/wp-content\/uploads\/2021\/01\/panouri-sandwich-timisoara.png?resize=300%2C93&amp;ssl=1 300w\" sizes=\"auto, (max-width: 775px) 100vw, 775px\" \/><\/figure>\n\n\n\n<p>Dac\u0103 dori\u021bi s\u0103 citi\u021bi mai multe detalii despre panourile sandwich <a href=\"https:\/\/ro.wikipedia.org\/wiki\/Panouri_termoizolante_sandwich\" target=\"_blank\" rel=\"noreferrer noopener\">aici<\/a>.<\/p>\n<\/div>\n\n\n\n<div class=\"wp-block-column is-vertically-aligned-center is-layout-flow wp-block-column-is-layout-flow\" style=\"flex-basis:33.33%\">\n<p>We deliver from stock or on order, anywhere in the country.<\/p>\n\n\n\n<div class=\"wp-block-group alignfull has-white-background-color has-background is-layout-flow wp-block-group-is-layout-flow\"><div class=\"wp-block-group__inner-container\">\n<h4 class=\"wp-block-heading\">Contact Form<\/h4>\n\n\n\n\n<div class=\"wpforms-container\" id=\"wpforms-22\"><form id=\"wpforms-form-22\" class=\"wpforms-validate wpforms-form\" data-formid=\"22\" method=\"post\" enctype=\"multipart\/form-data\" action=\"\/en\/wp-json\/wp\/v2\/pages\/180\" data-token=\"1657be6d7fe0dfbc3fef69519c49a909\" data-trp-original-action=\"\/en\/wp-json\/wp\/v2\/pages\/180\"><noscript class=\"wpforms-error-noscript\">Please enable JavaScript in your browser to complete this form.<\/noscript><div class=\"wpforms-field-container\"><div id=\"wpforms-22-field_0-container\" class=\"wpforms-field wpforms-field-name\" data-field-id=\"0\"><label class=\"wpforms-field-label wpforms-label-hide\" for=\"wpforms-22-field_0\">Nume <span class=\"wpforms-required-label\">*<\/span><\/label><input type=\"text\" id=\"wpforms-22-field_0\" class=\"wpforms-field-large wpforms-field-required\" name=\"wpforms[fields][0]\" placeholder=\"Name*\" required><\/div><div id=\"wpforms-22-field_9-container\" class=\"wpforms-field wpforms-field-text\" data-field-id=\"9\"><label class=\"wpforms-field-label wpforms-label-hide\" for=\"wpforms-22-field_9\">Email <span class=\"wpforms-required-label\">*<\/span><\/label><input type=\"text\" id=\"wpforms-22-field_9\" class=\"wpforms-field-large wpforms-field-required\" name=\"wpforms[fields][9]\" placeholder=\"Email*\" required><\/div><div id=\"wpforms-22-field_3-container\" class=\"wpforms-field wpforms-field-number\" data-field-id=\"3\"><label class=\"wpforms-field-label wpforms-label-hide\" for=\"wpforms-22-field_3\">Telefon <span class=\"wpforms-required-label\">*<\/span><\/label><input type=\"number\" pattern=\"\\d*\" id=\"wpforms-22-field_3\" class=\"wpforms-field-large wpforms-field-required\" name=\"wpforms[fields][3]\" placeholder=\"Phone*\" required><\/div><div id=\"wpforms-22-field_11-container\" class=\"wpforms-field wpforms-field-textarea\" data-field-id=\"11\"><label class=\"wpforms-field-label wpforms-label-hide\" for=\"wpforms-22-field_11\">Mesaj <span class=\"wpforms-required-label\">*<\/span><\/label><textarea id=\"wpforms-22-field_11\" class=\"wpforms-field-medium wpforms-field-required\" name=\"wpforms[fields][11]\" placeholder=\"Message*\" required><\/textarea><\/div><\/div><div class=\"wpforms-field wpforms-field-hp\"><label for=\"wpforms-22-field-hp\" class=\"wpforms-field-label\">Name<\/label><input type=\"text\" name=\"wpforms[hp]\" id=\"wpforms-22-field-hp\" class=\"wpforms-field-medium\"><\/div>\r\n\t\t\t<script>\r\n\t\t\tif ( typeof huOptions !== 'undefined' ) {\r\n\t\t\t\tvar huFormData = {\"source\":\"wpforms\",\"id\":22,\"title\":\"Formular de contact\",\"fields\":{\"subject\":{\"first_name\":\"\",\"last_name\":\"\"}}};\r\n\t\t\t\tvar huFormNode = document.querySelector( '[id=\"wpforms-22\"] form' );\r\n\r\n\t\t\t\tvar firstName = huFormNode.querySelector( 'input.wpforms-field-name-first' );\r\n\t\t\t\tvar lastName = huFormNode.querySelector( 'input.wpforms-field-name-last' );\r\n\r\n\t\t\t\tif ( firstName )\r\n\t\t\t\t\thuFormData['fields']['subject']['first_name'] = firstName.getAttribute( 'name' );\r\n\r\n\t\t\t\tif ( lastName )\r\n\t\t\t\t\thuFormData['fields']['subject']['last_name'] = lastName.getAttribute( 'name' );\r\n\r\n\t\t\t\thuFormData['node'] = huFormNode;\r\n\t\t\t\thuOptions['forms'].push( huFormData );\r\n\t\t\t}\r\n\t\t\t<\/script><div class=\"wpforms-recaptcha-container wpforms-is-recaptcha\"><div class=\"g-recaptcha\" data-sitekey=\"6Lfp0cgSAAAAAALSNF3GxQY4Sv5AXfPM2Shm1mSI\"><\/div><input type=\"text\" name=\"g-recaptcha-hidden\" class=\"wpforms-recaptcha-hidden\" style=\"position:absolute!important;clip:rect(0,0,0,0)!important;height:1px!important;width:1px!important;border:0!important;overflow:hidden!important;padding:0!important;margin:0!important;\" required><\/div><div class=\"wpforms-submit-container\"><input type=\"hidden\" name=\"wpforms[id]\" value=\"22\"><input type=\"hidden\" name=\"wpforms[author]\" value=\"1\"><button type=\"submit\" name=\"wpforms[submit]\" id=\"wpforms-submit-22\" class=\"wpforms-submit\" data-alt-text=\"\u00cen curs de trimitere...\" data-submit-text=\"Trimite\" aria-live=\"assertive\" value=\"wpforms-submit\">Send<\/button><\/div><input type=\"hidden\" name=\"trp-form-language\" value=\"en\"\/><\/form><\/div>  <!-- .wpforms-container --><\/div><\/div>\n<\/div>\n<\/div>\n<\/div><\/div>","protected":false},"excerpt":{"rendered":"<p>Contact Panouri Sandwich Timisoara Panouri sandwich Timisoara pentru construc\u021bii civile, industriale, garaje, camere frigo, acoperi\u0219uri etc. Pentru orice \u00eentreb\u0103ri, comenzi, colabor\u0103ri sau oferte de pre\u021b, v\u0103 rug\u0103m s\u0103 ne contacta\u021bi. \u00cempreun\u0103, construim viitorul! Timi\u0219oara, Calea Aradului 48 (+40) 763 741 011 SC Ara Pano SRLCUI 43174019J35\/3002\/2020&nbsp; contact@ara-panouri-sandwich.ro Avem o vast\u0103 experien\u021b\u0103 \u00een domeniul construc\u021biilor cu &hellip;<\/p>\n<p class=\"read-more\"> <a class=\"\" href=\"https:\/\/ara-panouri-sandwich.ro\/en\/contact-panouri-sandwich-timisoara\/\"> <span class=\"screen-reader-text\">Contact Panouri Sandwich Timisoara 3 tipuri<\/span> Read More &raquo;<\/a><\/p>","protected":false},"author":1,"featured_media":0,"parent":0,"menu_order":0,"comment_status":"closed","ping_status":"closed","template":"","meta":{"site-sidebar-layout":"no-sidebar","site-content-layout":"plain-container","ast-global-header-display":"","ast-main-header-display":"","ast-hfb-above-header-display":"","ast-hfb-below-header-display":"","ast-hfb-mobile-header-display":"","site-post-title":"disabled","ast-breadcrumbs-content":"","ast-featured-img":"","footer-sml-layout":"","theme-transparent-header-meta":"enabled","adv-header-id-meta":"","stick-header-meta":"","header-above-stick-meta":"","header-main-stick-meta":"","header-below-stick-meta":"","footnotes":""},"class_list":["post-180","page","type-page","status-publish","hentry"],"jetpack_sharing_enabled":true,"_links":{"self":[{"href":"https:\/\/ara-panouri-sandwich.ro\/en\/wp-json\/wp\/v2\/pages\/180","targetHints":{"allow":["GET"]}}],"collection":[{"href":"https:\/\/ara-panouri-sandwich.ro\/en\/wp-json\/wp\/v2\/pages"}],"about":[{"href":"https:\/\/ara-panouri-sandwich.ro\/en\/wp-json\/wp\/v2\/types\/page"}],"author":[{"embeddable":true,"href":"https:\/\/ara-panouri-sandwich.ro\/en\/wp-json\/wp\/v2\/users\/1"}],"replies":[{"embeddable":true,"href":"https:\/\/ara-panouri-sandwich.ro\/en\/wp-json\/wp\/v2\/comments?post=180"}],"version-history":[{"count":55,"href":"https:\/\/ara-panouri-sandwich.ro\/en\/wp-json\/wp\/v2\/pages\/180\/revisions"}],"predecessor-version":[{"id":733,"href":"https:\/\/ara-panouri-sandwich.ro\/en\/wp-json\/wp\/v2\/pages\/180\/revisions\/733"}],"wp:attachment":[{"href":"https:\/\/ara-panouri-sandwich.ro\/en\/wp-json\/wp\/v2\/media?parent=180"}],"curies":[{"name":"wp","href":"https:\/\/api.w.org\/{rel}","templated":true}]}}